{"id":14521,"date":"2023-06-06T10:13:28","date_gmt":"2023-06-06T10:13:28","guid":{"rendered":"https:\/\/www.creativetentsystems.com\/datenschutzbestimmungen\/"},"modified":"2026-01-07T15:22:18","modified_gmt":"2026-01-07T15:22:18","slug":"datenschutzbestimmungen","status":"publish","type":"page","link":"https:\/\/www.creativetentsystems.com\/de\/datenschutzbestimmungen\/","title":{"rendered":"Datenschutzbestimmungen"},"content":{"rendered":"\t\t<div data-elementor-type=\"wp-page\" data-elementor-id=\"14521\" class=\"elementor elementor-14521 elementor-3\" data-elementor-post-type=\"page\">\n\t\t\t\t<div class=\"elementor-element elementor-element-b9358ac elementor-hidden-tablet elementor-hidden-mobile e-flex e-con-boxed e-con e-parent\" data-id=\"b9358ac\" data-element_type=\"container\" data-e-type=\"container\" data-settings=\"{&quot;background_background&quot;:&quot;classic&quot;,&quot;jet_parallax_layout_list&quot;:[]}\">\n\t\t\t\t\t<div class=\"e-con-inner\">\n\t\t\t\t\t<\/div>\n\t\t\t\t<\/div>\n\t\t<div class=\"elementor-element elementor-element-db3f81a e-flex e-con-boxed e-con e-parent\" data-id=\"db3f81a\" data-element_type=\"container\" data-e-type=\"container\" data-settings=\"{&quot;jet_parallax_layout_list&quot;:[]}\">\n\t\t\t\t\t<div class=\"e-con-inner\">\n\t\t<div class=\"elementor-element elementor-element-ad40e71 e-con-full e-flex e-con e-child\" data-id=\"ad40e71\" data-element_type=\"container\" data-e-type=\"container\" data-settings=\"{&quot;jet_parallax_layout_list&quot;:[]}\">\n\t\t\t\t<div class=\"elementor-element elementor-element-9bc11f0 elementor-widget elementor-widget-heading\" data-id=\"9bc11f0\" data-element_type=\"widget\" data-e-type=\"widget\" data-widget_type=\"heading.default\">\n\t\t\t\t<div class=\"elementor-widget-container\">\n\t\t\t\t\t<h1 class=\"elementor-heading-title elementor-size-default\">Datenschutzbestimmungen<\/h1>\t\t\t\t<\/div>\n\t\t\t\t<\/div>\n\t\t\t\t<div class=\"elementor-element elementor-element-bfaad99 elementor-widget elementor-widget-text-editor\" data-id=\"bfaad99\" data-element_type=\"widget\" data-e-type=\"widget\" data-widget_type=\"text-editor.default\">\n\t\t\t\t<div class=\"elementor-widget-container\">\n\t\t\t\t\t\t\t\t\t<p>Datenschutzbestimmungen f\u00fcr Creative Tent Systems, Eigent\u00fcmer von https:\/\/creativetentsystems<\/p><p>1) Schutz der Privatsph\u00e4re Der Schutz der Privatsph\u00e4re der Besucher von https:\/\/creativetentsystems ist f\u00fcr uns eine wichtige Aufgabe. Daher beschreiben wir in unserer Datenschutzrichtlinie, welche Informationen wir sammeln und wie wir sie verwenden. <\/p><p>2) Zustimmung Indem Sie die Informationen und Dienste auf https:\/\/creativetentsystems nutzen, erkl\u00e4ren Sie sich mit unseren Datenschutzbestimmungen und den hierin enthaltenen Bedingungen einverstanden.<\/p><p>3) Fragen Wenn Sie weitere Informationen w\u00fcnschen oder Fragen zu den Datenschutzbestimmungen von Creative Tent Systems und speziell zu https:\/\/creativetentsystems haben, wenden Sie sich bitte per E-Mail an uns. Unsere E-Mail Adresse lautet info@creativetentsystems.nl. <\/p><p>4) \u00dcberwachung des Besucherverhaltens https:\/\/creativetentsystems verwendet verschiedene Techniken, um zu verfolgen, wer die Website besucht, wie sich dieser Besucher auf der Website verh\u00e4lt und welche Seiten besucht werden. Dies ist eine g\u00e4ngige Praxis f\u00fcr Websites, da sie Informationen liefert, die zur Qualit\u00e4t der Benutzererfahrung beitragen. Zu den Informationen, die wir \u00fcber Cookies aufzeichnen, geh\u00f6ren IP-Adressen, Browser-Typ und besuchte Seiten. Wir \u00fcberwachen auch, von wo aus Besucher die Website zum ersten Mal besuchen und von welcher Seite aus sie sie verlassen. Wir halten diese Informationen anonym und verkn\u00fcpfen sie nicht mit anderen pers\u00f6nlichen Informationen.    <\/p><p>5) Verwendung von Cookies https:\/\/creativetentsystems platziert Cookies bei Besuchern. Wir tun dies, um Informationen \u00fcber die Seiten zu sammeln, die die Benutzer auf unserer Website besuchen, um zu verfolgen, wie oft die Besucher zur\u00fcckkommen und um zu sehen, welche Seiten auf der Website gut laufen. Wir behalten auch im Auge, welche Informationen der Browser weitergibt.  <\/p><p>6) Deaktivierung von Cookies Sie k\u00f6nnen Cookies auch deaktivieren. Sie tun dies \u00fcber die Optionen Ihres Browsers. Weitere Informationen zu diesen Optionen finden Sie auf der Website Ihres Browser-Anbieters.  <\/p>\t\t\t\t\t\t\t\t<\/div>\n\t\t\t\t<\/div>\n\t\t\t\t<\/div>\n\t\t\t\t\t<\/div>\n\t\t\t\t<\/div>\n\t\t\t\t<\/div>\n\t\t","protected":false},"excerpt":{"rendered":"<p>Datenschutzbestimmungen Datenschutzbestimmungen f\u00fcr Creative Tent Systems, Eigent\u00fcmer von https:\/\/creativetentsystems 1) Schutz der Privatsph\u00e4re Der Schutz der Privatsph\u00e4re der Besucher von https:\/\/creativetentsystems ist f\u00fcr uns eine wichtige Aufgabe. Daher beschreiben wir in unserer Datenschutzrichtlinie, welche Informationen wir sammeln und wie wir sie verwenden. 2) Zustimmung Indem Sie die Informationen und Dienste auf https:\/\/creativetentsystems nutzen, erkl\u00e4ren Sie [&hellip;]<\/p>\n","protected":false},"author":1,"featured_media":0,"parent":0,"menu_order":0,"comment_status":"closed","ping_status":"closed","template":"","meta":{"_jet_sm_ready_style":"","_jet_sm_style":"","_jet_sm_controls_values":"","_jet_sm_fonts_collection":"","_jet_sm_fonts_links":"","footnotes":""},"class_list":["post-14521","page","type-page","status-publish","hentry"],"_links":{"self":[{"href":"https:\/\/www.creativetentsystems.com\/de\/wp-json\/wp\/v2\/pages\/14521","targetHints":{"allow":["GET"]}}],"collection":[{"href":"https:\/\/www.creativetentsystems.com\/de\/wp-json\/wp\/v2\/pages"}],"about":[{"href":"https:\/\/www.creativetentsystems.com\/de\/wp-json\/wp\/v2\/types\/page"}],"author":[{"embeddable":true,"href":"https:\/\/www.creativetentsystems.com\/de\/wp-json\/wp\/v2\/users\/1"}],"replies":[{"embeddable":true,"href":"https:\/\/www.creativetentsystems.com\/de\/wp-json\/wp\/v2\/comments?post=14521"}],"version-history":[{"count":1,"href":"https:\/\/www.creativetentsystems.com\/de\/wp-json\/wp\/v2\/pages\/14521\/revisions"}],"predecessor-version":[{"id":14525,"href":"https:\/\/www.creativetentsystems.com\/de\/wp-json\/wp\/v2\/pages\/14521\/revisions\/14525"}],"wp:attachment":[{"href":"https:\/\/www.creativetentsystems.com\/de\/wp-json\/wp\/v2\/media?parent=14521"}],"curies":[{"name":"wp","href":"https:\/\/api.w.org\/{rel}","templated":true}]}}